{"id":48,"date":"2010-11-18T18:59:44","date_gmt":"2010-11-18T16:59:44","guid":{"rendered":"http:\/\/www.bilgehangunduz.com\/index.php\/"},"modified":"2020-09-20T13:21:05","modified_gmt":"2020-09-20T10:21:05","slug":"iletisim","status":"publish","type":"page","link":"https:\/\/www.bilgehangunduz.com\/index.php\/iletisim\/","title":{"rendered":"\u0130LET\u0130\u015e\u0130M"},"content":{"rendered":"<p>[contact-form-7 id=&#8221;3381&#8243; title=&#8221;\u0130leti\u015fim formu 1&#8243;]<\/p>\n\n\n\n<p><\/p>\n","protected":false},"excerpt":{"rendered":"","protected":false},"author":657,"featured_media":0,"parent":0,"menu_order":0,"comment_status":"closed","ping_status":"open","template":"","meta":{"footnotes":""},"_links":{"self":[{"href":"https:\/\/www.bilgehangunduz.com\/index.php\/wp-json\/wp\/v2\/pages\/48"}],"collection":[{"href":"https:\/\/www.bilgehangunduz.com\/index.php\/wp-json\/wp\/v2\/pages"}],"about":[{"href":"https:\/\/www.bilgehangunduz.com\/index.php\/wp-json\/wp\/v2\/types\/page"}],"author":[{"embeddable":true,"href":"https:\/\/www.bilgehangunduz.com\/index.php\/wp-json\/wp\/v2\/users\/657"}],"replies":[{"embeddable":true,"href":"https:\/\/www.bilgehangunduz.com\/index.php\/wp-json\/wp\/v2\/comments?post=48"}],"version-history":[{"count":10,"href":"https:\/\/www.bilgehangunduz.com\/index.php\/wp-json\/wp\/v2\/pages\/48\/revisions"}],"predecessor-version":[{"id":3382,"href":"https:\/\/www.bilgehangunduz.com\/index.php\/wp-json\/wp\/v2\/pages\/48\/revisions\/3382"}],"wp:attachment":[{"href":"https:\/\/www.bilgehangunduz.com\/index.php\/wp-json\/wp\/v2\/media?parent=48"}],"curies":[{"name":"wp","href":"https:\/\/api.w.org\/{rel}","templated":true}]}}